{"id":123,"date":"2021-07-15T15:45:52","date_gmt":"2021-07-15T18:45:52","guid":{"rendered":"http:\/\/praianorteseguros.com.br\/?page_id=123"},"modified":"2021-07-15T15:56:20","modified_gmt":"2021-07-15T18:56:20","slug":"consorcios","status":"publish","type":"page","link":"https:\/\/praianorteseguros.com.br\/index.php\/consorcios\/","title":{"rendered":"Cons\u00f3rcios"},"content":{"rendered":"\t\t<div data-elementor-type=\"wp-page\" data-elementor-id=\"123\" class=\"elementor elementor-123\">\n\t\t\t\t\t\t\t\t\t<section class=\"elementor-section elementor-top-section elementor-element elementor-element-b6e41f6 elementor-section-full_width elementor-section-height-min-height elementor-section-items-stretch elementor-section-content-bottom animated-slow elementor-section-height-default elementor-invisible\" data-id=\"b6e41f6\" data-element_type=\"section\" data-settings=\"{&quot;animation&quot;:&quot;fadeInUp&quot;}\">\n\t\t\t\t\t\t<div class=\"elementor-container elementor-column-gap-no\">\n\t\t\t\t\t<div class=\"elementor-column elementor-col-50 elementor-top-column elementor-element elementor-element-c8db013\" data-id=\"c8db013\" data-element_type=\"column\" data-settings=\"{&quot;background_background&quot;:&quot;classic&quot;}\">\n\t\t\t<div class=\"elementor-widget-wrap elementor-element-populated\">\n\t\t\t\t\t\t\t\t<div class=\"elementor-element elementor-element-c1fc697 elementor-widget elementor-widget-heading\" data-id=\"c1fc697\" data-element_type=\"widget\" data-widget_type=\"heading.default\">\n\t\t\t\t<div class=\"elementor-widget-container\">\n\t\t\t<h1 class=\"elementor-heading-title elementor-size-default\">Cons\u00f3rcios<\/h1>\t\t<\/div>\n\t\t\t\t<\/div>\n\t\t\t\t<div class=\"elementor-element elementor-element-dc972da elementor-widget elementor-widget-heading\" data-id=\"dc972da\" data-element_type=\"widget\" data-widget_type=\"heading.default\">\n\t\t\t\t<div class=\"elementor-widget-container\">\n\t\t\t<h6 class=\"elementor-heading-title elementor-size-default\">Voc\u00ea encontra o melhor aqui!<\/h6>\t\t<\/div>\n\t\t\t\t<\/div>\n\t\t\t\t\t<\/div>\n\t\t<\/div>\n\t\t\t\t<div class=\"elementor-column elementor-col-50 elementor-top-column elementor-element elementor-element-822eb33\" data-id=\"822eb33\" data-element_type=\"column\">\n\t\t\t<div class=\"elementor-widget-wrap elementor-element-populated\">\n\t\t\t\t\t\t\t\t<div class=\"elementor-element elementor-element-b981a5c elementor-widget elementor-widget-image\" data-id=\"b981a5c\" data-element_type=\"widget\" data-widget_type=\"image.default\">\n\t\t\t\t<div class=\"elementor-widget-container\">\n\t\t\t\t\t\t\t\t\t\t\t\t\t\t\t<img loading=\"lazy\" decoding=\"async\" width=\"1100\" height=\"612\" src=\"https:\/\/praianorteseguros.com.br\/wp-content\/uploads\/2021\/07\/consorcio-de-imoveis.jpg\" class=\"attachment-full size-full wp-image-133\" alt=\"\" srcset=\"https:\/\/praianorteseguros.com.br\/wp-content\/uploads\/2021\/07\/consorcio-de-imoveis.jpg 1100w, https:\/\/praianorteseguros.com.br\/wp-content\/uploads\/2021\/07\/consorcio-de-imoveis-300x167.jpg 300w, https:\/\/praianorteseguros.com.br\/wp-content\/uploads\/2021\/07\/consorcio-de-imoveis-1024x570.jpg 1024w, https:\/\/praianorteseguros.com.br\/wp-content\/uploads\/2021\/07\/consorcio-de-imoveis-768x427.jpg 768w\" sizes=\"auto, (max-width: 1100px) 100vw, 1100px\" \/>\t\t\t\t\t\t\t\t\t\t\t\t\t\t\t<\/div>\n\t\t\t\t<\/div>\n\t\t\t\t\t<\/div>\n\t\t<\/div>\n\t\t\t\t\t\t\t<\/div>\n\t\t<\/section>\n\t\t\t\t<section class=\"elementor-section elementor-top-section elementor-element elementor-element-391bd40 elementor-section-full_width animated-slow elementor-section-height-default elementor-section-height-default elementor-invisible\" data-id=\"391bd40\" data-element_type=\"section\" data-settings=\"{&quot;animation&quot;:&quot;fadeInUp&quot;}\">\n\t\t\t\t\t\t<div class=\"elementor-container elementor-column-gap-no\">\n\t\t\t\t\t<div class=\"elementor-column elementor-col-100 elementor-top-column elementor-element elementor-element-ecef13e\" data-id=\"ecef13e\" data-element_type=\"column\">\n\t\t\t<div class=\"elementor-widget-wrap elementor-element-populated\">\n\t\t\t\t\t\t\t\t<div class=\"elementor-element elementor-element-5cc3d31 elementor-widget elementor-widget-text-editor\" data-id=\"5cc3d31\" data-element_type=\"widget\" data-widget_type=\"text-editor.default\">\n\t\t\t\t<div class=\"elementor-widget-container\">\n\t\t\t\t\t\t\t<p>\u00a0 Com a alta dos juros e maior restri\u00e7\u00e3o ao cr\u00e9dito, o cons\u00f3rcio torna-se uma excelente maneira de PROGRAMAR a aquisi\u00e7\u00e3o do sonhado bem.<\/p>\t\t\t\t\t\t<\/div>\n\t\t\t\t<\/div>\n\t\t\t\t\t<\/div>\n\t\t<\/div>\n\t\t\t\t\t\t\t<\/div>\n\t\t<\/section>\n\t\t\t\t<section class=\"elementor-section elementor-top-section elementor-element elementor-element-8cd4f07 elementor-section-boxed elementor-section-height-default elementor-section-height-default\" data-id=\"8cd4f07\" data-element_type=\"section\">\n\t\t\t\t\t\t<div class=\"elementor-container elementor-column-gap-default\">\n\t\t\t\t\t<div class=\"elementor-column elementor-col-50 elementor-top-column elementor-element elementor-element-4eb6133\" data-id=\"4eb6133\" data-element_type=\"column\">\n\t\t\t<div class=\"elementor-widget-wrap elementor-element-populated\">\n\t\t\t\t\t\t\t\t<div class=\"elementor-element elementor-element-cc26185 elementor-align-center elementor-widget elementor-widget-button\" data-id=\"cc26185\" data-element_type=\"widget\" data-widget_type=\"button.default\">\n\t\t\t\t<div class=\"elementor-widget-container\">\n\t\t\t\t\t<div class=\"elementor-button-wrapper\">\n\t\t\t<a href=\"https:\/\/api.whatsapp.com\/send?l=pt_pt&#038;phone=5551999745281\" class=\"elementor-button-link elementor-button elementor-size-lg elementor-animation-push\" role=\"button\">\n\t\t\t\t\t\t<span class=\"elementor-button-content-wrapper\">\n\t\t\t\t\t\t<span class=\"elementor-button-text\">Simular Cons\u00f3rcio<\/span>\n\t\t<\/span>\n\t\t\t\t\t<\/a>\n\t\t<\/div>\n\t\t\t\t<\/div>\n\t\t\t\t<\/div>\n\t\t\t\t\t<\/div>\n\t\t<\/div>\n\t\t\t\t<div class=\"elementor-column elementor-col-50 elementor-top-column elementor-element elementor-element-7552a96\" data-id=\"7552a96\" data-element_type=\"column\">\n\t\t\t<div class=\"elementor-widget-wrap elementor-element-populated\">\n\t\t\t\t\t\t\t\t<div class=\"elementor-element elementor-element-ab6a892 elementor-widget elementor-widget-text-editor\" data-id=\"ab6a892\" data-element_type=\"widget\" data-widget_type=\"text-editor.default\">\n\t\t\t\t<div class=\"elementor-widget-container\">\n\t\t\t\t\t\t\t<p><strong>Principais modalidades:<\/strong><\/p><ul><li>Autom\u00f3veis;<\/li><li>Caminh\u00f5es;<\/li><li>Motos;<\/li><li>Im\u00f3veis residenciais ou comerciais.<\/li><\/ul>\t\t\t\t\t\t<\/div>\n\t\t\t\t<\/div>\n\t\t\t\t\t<\/div>\n\t\t<\/div>\n\t\t\t\t\t\t\t<\/div>\n\t\t<\/section>\n\t\t\t\t\t\t\t<\/div>\n\t\t","protected":false},"excerpt":{"rendered":"<p>Cons\u00f3rcios Voc\u00ea encontra o melhor aqui! \u00a0 Com a alta dos juros e maior restri\u00e7\u00e3o ao cr\u00e9dito, o cons\u00f3rcio torna-se uma excelente maneira de PROGRAMAR a aquisi\u00e7\u00e3o do sonhado bem. Simular Cons\u00f3rcio Principais modalidades: Autom\u00f3veis; Caminh\u00f5es; Motos; Im\u00f3veis residenciais ou comerciais.<\/p>\n","protected":false},"author":1,"featured_media":0,"parent":0,"menu_order":0,"comment_status":"closed","ping_status":"closed","template":"","meta":{"_joinchat":[],"footnotes":""},"class_list":["post-123","page","type-page","status-publish","hentry","entry"],"_links":{"self":[{"href":"https:\/\/praianorteseguros.com.br\/index.php\/wp-json\/wp\/v2\/pages\/123","targetHints":{"allow":["GET"]}}],"collection":[{"href":"https:\/\/praianorteseguros.com.br\/index.php\/wp-json\/wp\/v2\/pages"}],"about":[{"href":"https:\/\/praianorteseguros.com.br\/index.php\/wp-json\/wp\/v2\/types\/page"}],"author":[{"embeddable":true,"href":"https:\/\/praianorteseguros.com.br\/index.php\/wp-json\/wp\/v2\/users\/1"}],"replies":[{"embeddable":true,"href":"https:\/\/praianorteseguros.com.br\/index.php\/wp-json\/wp\/v2\/comments?post=123"}],"version-history":[{"count":10,"href":"https:\/\/praianorteseguros.com.br\/index.php\/wp-json\/wp\/v2\/pages\/123\/revisions"}],"predecessor-version":[{"id":139,"href":"https:\/\/praianorteseguros.com.br\/index.php\/wp-json\/wp\/v2\/pages\/123\/revisions\/139"}],"wp:attachment":[{"href":"https:\/\/praianorteseguros.com.br\/index.php\/wp-json\/wp\/v2\/media?parent=123"}],"curies":[{"name":"wp","href":"https:\/\/api.w.org\/{rel}","templated":true}]}}